{"id":7949,"date":"2025-11-27T09:51:22","date_gmt":"2025-11-27T08:51:22","guid":{"rendered":"https:\/\/airetech.es\/legal-warning\/"},"modified":"2026-02-04T20:27:28","modified_gmt":"2026-02-04T19:27:28","slug":"legal-warning","status":"publish","type":"page","link":"https:\/\/airetech.es\/en\/legal-warning\/","title":{"rendered":"Legal warning"},"content":{"rendered":"\t\t<div data-elementor-type=\"wp-page\" data-elementor-id=\"7949\" class=\"elementor elementor-7949 elementor-4074\" data-elementor-post-type=\"page\">\n\t\t\t\t<div class=\"elementor-element elementor-element-2448c50 e-con-full e-flex e-con e-parent\" data-id=\"2448c50\" data-element_type=\"container\" data-e-type=\"container\" data-settings=\"{&quot;jet_parallax_layout_list&quot;:[]}\">\n\t\t\t\t<div class=\"elementor-element elementor-element-5482373 elementor-widget__width-initial elementor-widget-tablet__width-inherit elementor-widget-mobile__width-inherit elementor-widget elementor-widget-heading\" data-id=\"5482373\" data-element_type=\"widget\" data-e-type=\"widget\" data-widget_type=\"heading.default\">\n\t\t\t\t<div class=\"elementor-widget-container\">\n\t\t\t\t\t<h1 class=\"elementor-heading-title elementor-size-default\">Legal warning<\/h1>\t\t\t\t<\/div>\n\t\t\t\t<\/div>\n\t\t\t\t<\/div>\n\t\t<div class=\"elementor-element elementor-element-757a92d e-con-full e-flex e-con e-parent\" data-id=\"757a92d\" data-element_type=\"container\" data-e-type=\"container\" data-settings=\"{&quot;jet_parallax_layout_list&quot;:[]}\">\n\t\t\t\t<div class=\"elementor-element elementor-element-1911f2e elementor-widget elementor-widget-text-editor\" data-id=\"1911f2e\" data-element_type=\"widget\" data-e-type=\"widget\" data-widget_type=\"text-editor.default\">\n\t\t\t\t<div class=\"elementor-widget-container\">\n\t\t\t\t\t\t\t\t\t<p><strong>I. Who are we?<\/strong><br>Aire is made up of the following companies:<\/p><ul><li>Aire Networks del Mediterr\u00e1neo S.L.U (Tax ID: B-53704599)<\/li><li>IDECNET S.A (N.I.F: A35376813)<\/li><li>SysAdminOK, S.L. (N.I.F: B86379765)<\/li><li>Stackscale, S.L (N.I.F: B-85537108)<\/li><li>Acessos e Redes de Telecomunica\u00e7\u00f5es, S.A (N.I.F: 506303810)<\/li><li>Teradisk Consulting, S.L (N.I.F: B-66443375)<\/li><\/ul><p><span style=\"text-decoration: underline;\"><strong>Identification details of the holder<\/strong><\/span><\/p><p><strong>Denominaci\u00f3n social: <\/strong>Aire Networks del Mediterr\u00e1neo S.L.U.<br><strong>Domicilio Social:<\/strong> Calle Santiago Ram\u00f3n y Cajal 11, Elche Parque Empresarial, 03203 Elche (Alicante) Espa\u00f1a<br><strong>Correo Electr\u00f3nico: <\/strong>info@airetech.es<br><strong>Tel\u00e9fono de contacto:<\/strong> 1774 o +34 911 090 000<br><strong>N\u00famero de Identificaci\u00f3n Fiscal (NIF)<\/strong>: B-53704599<br><strong>Datos Registrales:<\/strong> La presente mercantil se haya inscrita en el Registro Mercantil de Alicante, Tomo 2584, Libro 0, Folio 299, Secci\u00f3n 8, Hoja A72796, Inscripci\u00f3n 1\u00aa.<\/p><p><strong>II. Terms of Use of the Website <\/strong><\/p><p>This legal notice sets out the general conditions governing access to and use of the website on which it appears, which Aire makes available to users free of charge. Access to this website therefore implies that users have read and accepted these conditions without reservation. <\/p><p>Access to this website confers the status of user on the person accessing it and implies full and unreserved acceptance of each and every one of these terms of use, without prejudice to any specific terms that may apply in the event that the user wishes to contract any of the goods and services provided by Aire, of which they will be informed in advance.<\/p><p>Users agree to use the website diligently and correctly, always observing its legal notices and current terms of use, and not using the site for fraudulent or illegal purposes or for purposes that contravene good customs and public order.<\/p><p>Likewise, Aire reserves the right to modify or update these Terms of Use at any time, as well as any type of information or content that may appear on the website, without any obligation to give prior notice or inform users of such modifications, with publication on the website being sufficient.<\/p><p><strong>III. Intellectual and industrial property and personal data protection <\/strong><\/p><p>All content on this website, unless otherwise indicated, is the exclusive property of Aire or third parties who have authorized its inclusion on the website. Content includes, but is not limited to, text, photographs, videos, images, logos, trademarks, trade names, software, graphic design, source codes, and other audiovisual and graphic content. In any case, no license, transfer, or authorization for personal use is granted to the user regarding this content or any other right related to the website and the services that may be offered on it, regardless of whether or not they are subject to intellectual property rights. <\/p><p>The use of the website is intended exclusively for personal use, and its reproduction, copying, communication, distribution, modification, and any means of exploitation (including data mining) and its contents by third parties outside Aire who have not been expressly authorized by the owner of the exploitation rights is prohibited. Any use not previously authorized shall be considered a serious breach of intellectual or industrial property rights. <\/p><p>The website may collect, store, or otherwise allow the processing of personal information belonging to the user or third parties for various purposes.<\/p><p>The Privacy Policy and Cookies Policy for the website are available to users alongside this legal notice on the website. If you wish to know the details of how your data is processed, please refer to these policies for full details. <\/p><p><strong>IV. Disclaimer of warranties and liabilities <\/strong><\/p><p>Access to and use of the Aire website shall be under the sole and exclusive responsibility of the user.<\/p><p>The owner of the website does not guarantee nor is it liable for damages of any kind caused to the user due to the lack of technical availability, continuity, or incorrect functioning of the website. In this regard, Aire reserves the right to interrupt access to its website at any time and without prior notice, whether for technical reasons, security reasons, maintenance, power failures, or any other cause. <\/p><p>The user is responsible for any use of the website and its content that may constitute a violation of any type of national or international legislation, intellectual or industrial property rights, trademarks, or any other rights of third parties.<\/p><p>Aire shall also not be liable for any damage that may be caused to the user&#8217;s computer system, files, or documents stored therein as a result of the presence of viruses on the computer used to connect to the services and content of the website, a malfunction of the browser, or the use of outdated versions.<\/p><p>Furthermore, Aire is not liable for any damages arising from the provision or content of third-party links referred to on the website, nor does it guarantee the absence of viruses or other elements in them that may cause alterations to the user&#8217;s computer system, documents, or files, excluding any liability for damages of any kind caused to the user for this reason.<\/p><p><strong>V. Jurisdiction and applicable law<\/strong><\/p><p>These terms of use shall be governed by Spanish law. In the event of any discrepancy or dispute, the parties expressly waive their right to their own jurisdiction and submit to the Courts and Tribunals of Elche, unless another jurisdiction is applicable by law. <\/p>\t\t\t\t\t\t\t\t<\/div>\n\t\t\t\t<\/div>\n\t\t\t\t<\/div>\n\t\t\t\t<\/div>\n\t\t","protected":false},"excerpt":{"rendered":"<p>Legal warning I. Who are we?Aire is made up of the following companies: Aire Networks del Mediterr\u00e1neo S.L.U (Tax ID: B-53704599) IDECNET S.A (N.I.F: A35376813) SysAdminOK, S.L. (N.I.F: B86379765) Stackscale, S.L (N.I.F: B-85537108) Acessos e Redes de Telecomunica\u00e7\u00f5es, S.A (N.I.F: 506303810) Teradisk Consulting, S.L (N.I.F: B-66443375) Identification details of the holder Denominaci\u00f3n social: Aire Networks [&hellip;]<\/p>\n","protected":false},"author":1,"featured_media":0,"parent":0,"menu_order":0,"comment_status":"closed","ping_status":"closed","template":"elementor_header_footer","meta":{"_acf_changed":false,"footnotes":""},"class_list":["post-7949","page","type-page","status-publish","hentry"],"acf":[],"_links":{"self":[{"href":"https:\/\/airetech.es\/en\/wp-json\/wp\/v2\/pages\/7949","targetHints":{"allow":["GET"]}}],"collection":[{"href":"https:\/\/airetech.es\/en\/wp-json\/wp\/v2\/pages"}],"about":[{"href":"https:\/\/airetech.es\/en\/wp-json\/wp\/v2\/types\/page"}],"author":[{"embeddable":true,"href":"https:\/\/airetech.es\/en\/wp-json\/wp\/v2\/users\/1"}],"replies":[{"embeddable":true,"href":"https:\/\/airetech.es\/en\/wp-json\/wp\/v2\/comments?post=7949"}],"version-history":[{"count":1,"href":"https:\/\/airetech.es\/en\/wp-json\/wp\/v2\/pages\/7949\/revisions"}],"predecessor-version":[{"id":7950,"href":"https:\/\/airetech.es\/en\/wp-json\/wp\/v2\/pages\/7949\/revisions\/7950"}],"wp:attachment":[{"href":"https:\/\/airetech.es\/en\/wp-json\/wp\/v2\/media?parent=7949"}],"curies":[{"name":"wp","href":"https:\/\/api.w.org\/{rel}","templated":true}]}}