{"id":7978,"date":"2025-11-27T10:07:10","date_gmt":"2025-11-27T09:07:10","guid":{"rendered":"https:\/\/airetech.es\/politica-de-cookies\/"},"modified":"2026-02-13T08:20:28","modified_gmt":"2026-02-13T07:20:28","slug":"cookie-policy","status":"publish","type":"page","link":"https:\/\/airetech.es\/en\/cookie-policy\/","title":{"rendered":"Cookie Policy"},"content":{"rendered":"\t\t<div data-elementor-type=\"wp-page\" data-elementor-id=\"7978\" class=\"elementor elementor-7978 elementor-4095\" data-elementor-post-type=\"page\">\n\t\t\t\t<div class=\"elementor-element elementor-element-2448c50 e-con-full e-flex e-con e-parent\" data-id=\"2448c50\" data-element_type=\"container\" data-e-type=\"container\" data-settings=\"{&quot;jet_parallax_layout_list&quot;:[]}\">\n\t\t\t\t<div class=\"elementor-element elementor-element-5482373 elementor-widget__width-initial elementor-widget-tablet__width-inherit elementor-widget-mobile__width-inherit elementor-widget elementor-widget-heading\" data-id=\"5482373\" data-element_type=\"widget\" data-e-type=\"widget\" data-widget_type=\"heading.default\">\n\t\t\t\t<div class=\"elementor-widget-container\">\n\t\t\t\t\t<h1 class=\"elementor-heading-title elementor-size-default\">Cookie Policy<\/h1>\t\t\t\t<\/div>\n\t\t\t\t<\/div>\n\t\t\t\t<\/div>\n\t\t<div class=\"elementor-element elementor-element-757a92d e-con-full e-flex e-con e-parent\" data-id=\"757a92d\" data-element_type=\"container\" data-e-type=\"container\" data-settings=\"{&quot;jet_parallax_layout_list&quot;:[]}\">\n\t\t\t\t<div class=\"elementor-element elementor-element-1911f2e elementor-widget elementor-widget-text-editor\" data-id=\"1911f2e\" data-element_type=\"widget\" data-e-type=\"widget\" data-widget_type=\"text-editor.default\">\n\t\t\t\t<div class=\"elementor-widget-container\">\n\t\t\t\t\t\t\t\t\t<p><strong>I. BEFORE YOU START&#8230;<\/strong><\/p><p>In this Cookie Policy, you will find information about how we use cookies and similar devices that are installed on our customers&#8217; and users&#8217; devices.<\/p><p>Sometimes, the use of cookies may be related to the processing of personal data, so we recommend that you consult our Data Protection Policy if you want information about how we use personal data, how to exercise your rights, or other related information.<\/p><p>The main purpose of our cookies is to make your browsing experience more comfortable and efficient. For example, they are used to remember your preferences during browsing and on future visits. We also use them to continuously improve our services and website.<\/p><p>La informaci\u00f3n recogida en las cookies nos permite, adem\u00e1s, mejorar nuestra web mediante estimaciones sobre datos estad\u00edsticos y patrones de uso (n\u00famero de visitas, secciones m\u00e1s visitadas, tiempo de visita, etc.), conocer de manera estad\u00edstica c\u00f3mo interact\u00faan los usuarios con la web con el fin de mejorar nuestros servicios, etc.<\/p><p>Occasionally, we may use cookies to obtain information that allows us to display advertising on our website, third-party platforms, or by any other means, based on the analysis of your browsing habits (products visited, sections consulted, etc.).<\/p><p><strong>II.INFORMACI\u00d3N SOBRE COOKIES<\/strong><\/p><p><strong>1. What is a cookie?<\/strong><\/p><p>A cookie is a small text file that a website, app, or other platform stores on your computer, tablet, smartphone, or any other similar device, containing information about your browsing or usage, such as a tag that identifies your device.<\/p><p>Cookies are necessary, for example, to facilitate browsing and to understand how users interact with platforms, so that they can be improved. They are also very useful for offering advertising based on user preferences, as well as for other purposes detailed below.<\/p><p>Cookies do not harm your computer or device.<\/p><p>The cookies we use specifically are detailed in the cookie settings panel accessible on our website.<\/p><p><strong>2. What types of cookies are there?<\/strong><\/p><p>Depending on who <strong>manages the cookies<\/strong>, they can be classified as:<\/p><ul><li><strong>First-party cookies:<\/strong> These are sent to the user&#8217;s computer or device from a computer or domain managed by the publisher itself, from which the platform or service requested by the user is offered.<\/li><li><strong>Third-party cookies:<\/strong> These are sent to the user&#8217;s computer or device from a computer or domain that is not managed by the publisher, but by another entity that processes the data obtained through cookies.<\/li><\/ul><p>Depending on their <strong>purpose<\/strong>, they can be classified as:<\/p><ul><li><strong>Technical cookies (strictly necessary): <\/strong>These are cookies that allow the user to browse a website, platform, or application and use the various options or services available on them, such as controlling traffic, identifying data or the session, completing the purchase process for an order, or managing payment. Technical cookies, being strictly necessary, are downloaded by default when they allow the platform to be displayed or the service requested by the user to be provided.<\/li><li><strong>Functionality or personalization cookies:<\/strong> These cookies allow information to be remembered so that the user can access the service or platform with certain characteristics that may differentiate their experience from that of other users, such as the language, the number of results to be displayed when the user performs a search, the appearance or content of the service depending on the type of browser used by the user or the region from which they access the service, etc.<\/li><li><strong>Analytical cookies:<\/strong> These cookies enable the tracking and analysis of website users&#8217; behavior and how they interact with the website, in order to measure and statistically analyze website usage, with the aim of introducing improvements based on the analysis of user data on the platform or service.<\/li><li><strong>Behavioral advertising cookies: <\/strong>These cookies store information on user behavior obtained through continuous observation of their browsing habits, allowing a specific profile to be developed in order to display advertising based on that profile. These cookies enable the most effective management of the advertising spaces that, where applicable, the publisher has included directly or in collaboration with third parties.<\/li><\/ul><p>Depending on how long they remain active:<\/p><ul><li><strong>Session cookies:<\/strong> these are cookies that collect and store data while the user browses the website. In other words, they are usually used to store information that is only relevant for the provision of the service requested by the user on a single occasion.<\/li><\/ul><p><strong>Persistent cookies: <\/strong>these are cookies in which the data remains stored on the terminal and can be accessed and processed for a certain period of time, such as minutes, weeks, or years.<\/p><p><strong>3. What cookies are used on our website?<\/strong><br \/>The cookies used on this website are described below:<\/p><table><tbody><tr><td><strong>Name<\/strong><\/td><td><strong>Type<\/strong><\/td><td><strong>Origin<\/strong><\/td><td><strong>Description<\/strong><\/td><td>Expiration<\/td><\/tr><tr><td>moove_gdpr_popup<\/td><td>Necessary<\/td><td>Own<\/td><td>Stores the user&#8217;s cookie consent status.<\/td><td>1 year<\/td><\/tr><tr><td>_dc_gtm_UA-XXXXXXXX-X<\/td><td>Statistics<\/td><td>Third parties: Google Analytics<\/td><td>Used by Google Tag Manager to control the loading of a Google Analytics script tag.<\/td><td>1 day<\/td><\/tr><tr><td>_gat_gtag_UA_XXXXXXXX_X<s><\/s><\/td><td>Statistics<\/td><td>Third parties: Google Analytics<\/td><td>Used by Google Tag Manager to control the loading of a Google Analytics script tag.<\/td><td>1 day<\/td><\/tr><tr><td>_ga<\/td><td>Statistics<\/td><td>Third parties: Google Analytics<\/td><td>It records an identifier that is used to generate statistical data about how visitors use the website.<\/td><td>2 year<\/td><\/tr><tr><td>_gcl_au<\/td><td>Statistics<\/td><td>Third parties: Google Analytics<\/td><td>Used by Google AdSense to experiment with advertising efficiency across websites using its services.<\/td><td>3 months<\/td><\/tr><tr><td>_gid<\/td><td>Statistics<\/td><td>Third parties: Google Analytics<\/td><td>It records an identifier that is used to generate statistical data about how visitors use the website.<\/td><td>1 day<\/td><\/tr><\/tbody><\/table><p><strong>4. How can I configure (accept, deny, or revoke) cookies?<\/strong><br \/>You can manage your cookie preferences through the \u201csettings\u201d logo at the bottom left of the website.<\/p><p>There you can also find all the information about the cookies used so that you can select whether to enable or disable those that are not strictly necessary for the website to function, according to your preferences.<\/p><p>Esta posibilidad de evitar el uso de cookies puede ser llevada a cabo en cualquier momento. Por favor, ten en cuenta que tanto tu gesti\u00f3n del panel de configuraci\u00f3n de cookies, como tu opci\u00f3n de rechazar las cookies es espec\u00edfica para cada navegador que est\u00e9s utilizando. Por lo tanto, si optas por configurar las cookies de una forma en un dispositivo y deseas que tu opci\u00f3n se aplique de manera similar a otro dispositivo, deber\u00e1s activar la misma opci\u00f3n para ese otro dispositivo.<\/p><p>As an additional step, with regard to third-party cookies for the purpose of providing advertising based on your interests, please note that certain third parties may be members of one of the following self-regulatory programs for online behavioral advertising, with the corresponding opt-out options:<\/p><p>1. Network Advertising Initiative (NAI)<br \/>2. Google Analytics<\/p><p><strong>5. Other information<\/strong><\/p><p><strong>Who uses the information stored in cookies?<\/strong><\/p><p>The information stored in cookies on our website is used exclusively by Aire, with the exception of those identified in section 2 as \u201cthird-party cookies,\u201d which are used and managed by external entities to provide services aimed at improving our services and the user experience when browsing our website.<br \/>For more detailed information on the processing of your personal data in our collaboration with third parties, we recommend that you read our Data Protection Policy, which is available on our website.<br \/>With regard to profiling, if you consent to the use of cookies for behavioral advertising purposes, your browsing will be monitored in order to show you advertising based on your interests, using a profile created on the basis of your browsing.<\/p><p><strong>Are international data transfers carried out?<\/strong><\/p><p>In general, no international transfers are made outside the European Economic Area. However, the third parties identified in the previous point (third-party cookies) may make transfers to third countries, and you can consult their corresponding policies for this purpose.<\/p><p><strong>Review and update of the Policy<\/strong><\/p><p>Aire may update this Cookie Policy at any time. Such updates will be applicable from the moment they are published on the website, so users are advised to review them periodically.<br \/>Notwithstanding the foregoing, the inclusion of new cookies or the use of cookies already reported for purposes other than those indicated will require prior acceptance by the user.<\/p><p><em>Date of the last update of this policy: October 2025.<\/em><\/p>\t\t\t\t\t\t\t\t<\/div>\n\t\t\t\t<\/div>\n\t\t\t\t<\/div>\n\t\t\t\t<\/div>\n\t\t","protected":false},"excerpt":{"rendered":"<p>Cookie Policy I. BEFORE YOU START&#8230; In this Cookie Policy, you will find information about how we use cookies and similar devices that are installed on our customers&#8217; and users&#8217; devices. Sometimes, the use of cookies may be related to the processing of personal data, so we recommend that you consult our Data Protection Policy [&hellip;]<\/p>\n","protected":false},"author":1,"featured_media":0,"parent":0,"menu_order":0,"comment_status":"closed","ping_status":"closed","template":"elementor_header_footer","meta":{"_acf_changed":false,"footnotes":""},"class_list":["post-7978","page","type-page","status-publish","hentry"],"acf":[],"_links":{"self":[{"href":"https:\/\/airetech.es\/en\/wp-json\/wp\/v2\/pages\/7978","targetHints":{"allow":["GET"]}}],"collection":[{"href":"https:\/\/airetech.es\/en\/wp-json\/wp\/v2\/pages"}],"about":[{"href":"https:\/\/airetech.es\/en\/wp-json\/wp\/v2\/types\/page"}],"author":[{"embeddable":true,"href":"https:\/\/airetech.es\/en\/wp-json\/wp\/v2\/users\/1"}],"replies":[{"embeddable":true,"href":"https:\/\/airetech.es\/en\/wp-json\/wp\/v2\/comments?post=7978"}],"version-history":[{"count":6,"href":"https:\/\/airetech.es\/en\/wp-json\/wp\/v2\/pages\/7978\/revisions"}],"predecessor-version":[{"id":8051,"href":"https:\/\/airetech.es\/en\/wp-json\/wp\/v2\/pages\/7978\/revisions\/8051"}],"wp:attachment":[{"href":"https:\/\/airetech.es\/en\/wp-json\/wp\/v2\/media?parent=7978"}],"curies":[{"name":"wp","href":"https:\/\/api.w.org\/{rel}","templated":true}]}}